{"id":11,"date":"2020-11-07T12:11:28","date_gmt":"2020-11-07T12:11:28","guid":{"rendered":"http:\/\/interpingpong3.atsk.hu\/?page_id=11"},"modified":"2020-11-07T12:23:19","modified_gmt":"2020-11-07T12:23:19","slug":"projektpartnerek","status":"publish","type":"page","link":"http:\/\/interpingpong3.atsk.hu\/?page_id=11","title":{"rendered":"Projektpartnerek"},"content":{"rendered":"\n<h3><strong>1. ATSK<\/strong><\/h3>\n\n\n\n<p>Sportegyes\u00fclet\u00fcnk 13 alap\u00edt\u00f3 tag k\u00f6z\u00f6s elhat\u00e1roz\u00e1s\u00e1val 1996. okt\u00f3ber 31-\u00e9n alakult. Ez azt jelenti, hogy 2021-ben 25 \u00e9ves lesz az egyes\u00fclet. A negyedsz\u00e1zados \u00e9vfordul\u00f3t az INTER PINGPONG 3 projekt keret\u00e9ben szeretn\u00e9nk majd meg\u00fcnnepelni!<\/p>\n\n\n\n<p>Azzal a sz\u00e1nd\u00e9kkal kezdt\u00fcnk el dolgozni, hogy ut\u00e1np\u00f3tl\u00e1s nevel\u00e9sre \u00e9p\u00fcl\u0151 min\u0151s\u00e9gi asztalitenisz sport alapjait rakjuk le Szegeden. T\u00f6bb sz\u00e1z \u00e1ltal\u00e1nos iskol\u00e1s gyerek ismerte meg a sport\u00e1g alapjait n\u00e1lunk, akik k\u00f6z\u00fcl t\u00f6bben kiv\u00e1l\u00f3 eredm\u00e9nyeket \u00e9rtek el orsz\u00e1gos szinten is.<\/p>\n\n\n\n<p>Jelenleg NB I-es n\u0151i, NB II-es \u00e9s NB III-as f\u00e9rfi csapataink vannak, ahol d\u00f6nt\u0151en saj\u00e1t nevel\u00e9s\u0171 j\u00e1t\u00e9kosok j\u00e1tszanak.<\/p>\n\n\n\n<p>B\u00fcszk\u00e9k vagyunk parasportol\u00f3inkra is, akik nemzetk\u00f6zi szintes is sz\u00e9p eredm\u00e9nyeket \u00e9rtek el.<\/p>\n\n\n\n<p>Tev\u00e9kenys\u00e9g\u00fcnk h\u00e1rom alappill\u00e9re:<\/p>\n\n\n\n<ol type=\"1\"><li>Versenysport, ut\u00e1np\u00f3tl\u00e1s-nevel\u00e9s<\/li><li>Di\u00e1k- \u00e9s szabadid\u0151sport<\/li><li>Fogyat\u00e9kkal \u00e9l\u0151k sportja<\/li><\/ol>\n\n\n\n<h3><strong>2. ZENTAI ASZTALITENISZKLUB<\/strong><\/h3>\n\n\n\n<p>1930-alakult a Zentai Atl\u00e9tika Klub keretein bel\u00fcl, mint \u00f6n\u00e1ll\u00f3 klub 1948-ban kezdett m\u0171k\u00f6dni. A kezdet nem volt k\u00f6nny\u0171, de a r\u00e9gi mesterek \u00e9s tan\u00edtv\u00e1nyok hite az eredm\u00e9nyes \u00e9s kitart\u00f3 munk\u00e1ban megalapozta a klub j\u00f6v\u0151j\u00e9t. A klub m\u00e1r 1960-as \u00e9vekben meghat\u00e1roz\u00f3 t\u00e9nyez\u0151v\u00e9 v\u00e1lt az orsz\u00e1gban.<\/p>\n\n\n\n<p>Az elm\u00falt id\u0151szakban az egyes\u00fclet j\u00e1t\u00e9kosai t\u00f6bb mint 300 orsz\u00e1gos bajnoki c\u00edmet szereztek \u00fajonc, serd\u00fcl\u0151, ifi \u00e9s feln\u0151tt kateg\u00f3ri\u00e1kban.<\/p>\n\n\n\n<p>Sz\u00e1mtalan zentai j\u00e1t\u00e9kos szerepelt az orsz\u00e1gos v\u00e1logatott sz\u00edneiben, k\u00f6z\u00fcl\u00fck sokan kiv\u00e1l\u00f3 nemzetk\u00f6zi eredm\u00e9nyeket \u00e9rtek el.<\/p>\n\n\n\n<p>A Zenta feln\u0151tt n\u0151i csapata 12 orsz\u00e1gos bajnoki c\u00edmmel dicsekedhet. 2003 \u00e9s 2014 k\u00f6z\u00f6tt, teh\u00e1t 11 \u00e9v alatt, 10-szer nyert\u00e9k meg a Szuper lig\u00e1t \u00e9s zsin\u00f3rban 7-szer emelhett\u00e9k magasba a legjobbnak j\u00e1r\u00f3 serleget. Rajtuk k\u00edv\u00fcl m\u00e9g egy le\u00e1nycsapat \u00e9s egy fi\u00facsapat versenyez a hazai bajnoks\u00e1gokban.<\/p>\n\n\n\n<p>Tev\u00e9kenys\u00e9g\u00fcnk h\u00e1rom alappill\u00e9re:<\/p>\n\n\n\n<ol type=\"1\"><li>\u00c9lsport<\/li><li>Ut\u00e1np\u00f3tl\u00e1s nevel\u00e9s<\/li><li>Szabadid\u0151sport<\/li><\/ol>\n","protected":false},"excerpt":{"rendered":"<p>1. ATSK Sportegyes\u00fclet\u00fcnk 13 alap\u00edt\u00f3 tag k\u00f6z\u00f6s elhat\u00e1roz\u00e1s\u00e1val 1996. okt\u00f3ber 31-\u00e9n alakult. Ez azt jelenti, hogy 2021-ben 25 \u00e9ves lesz az egyes\u00fclet. A negyedsz\u00e1zados \u00e9vfordul\u00f3t az INTER PINGPONG 3 projekt keret\u00e9ben szeretn\u00e9nk majd meg\u00fcnnepelni! Azzal a sz\u00e1nd\u00e9kkal kezdt\u00fcnk el dolgozni, hogy ut\u00e1np\u00f3tl\u00e1s nevel\u00e9sre \u00e9p\u00fcl\u0151 min\u0151s\u00e9gi asztalitenisz sport alapjait rakjuk le Szegeden. T\u00f6bb sz\u00e1z \u00e1ltal\u00e1nos iskol\u00e1s [&hellip;]<\/p>\n","protected":false},"author":1,"featured_media":0,"parent":0,"menu_order":0,"comment_status":"closed","ping_status":"closed","template":"","meta":[],"_links":{"self":[{"href":"http:\/\/interpingpong3.atsk.hu\/index.php?rest_route=\/wp\/v2\/pages\/11"}],"collection":[{"href":"http:\/\/interpingpong3.atsk.hu\/index.php?rest_route=\/wp\/v2\/pages"}],"about":[{"href":"http:\/\/interpingpong3.atsk.hu\/index.php?rest_route=\/wp\/v2\/types\/page"}],"author":[{"embeddable":true,"href":"http:\/\/interpingpong3.atsk.hu\/index.php?rest_route=\/wp\/v2\/users\/1"}],"replies":[{"embeddable":true,"href":"http:\/\/interpingpong3.atsk.hu\/index.php?rest_route=%2Fwp%2Fv2%2Fcomments&post=11"}],"version-history":[{"count":3,"href":"http:\/\/interpingpong3.atsk.hu\/index.php?rest_route=\/wp\/v2\/pages\/11\/revisions"}],"predecessor-version":[{"id":14,"href":"http:\/\/interpingpong3.atsk.hu\/index.php?rest_route=\/wp\/v2\/pages\/11\/revisions\/14"}],"wp:attachment":[{"href":"http:\/\/interpingpong3.atsk.hu\/index.php?rest_route=%2Fwp%2Fv2%2Fmedia&parent=11"}],"curies":[{"name":"wp","href":"https:\/\/api.w.org\/{rel}","templated":true}]}}