{"id":143,"date":"2022-02-06T15:36:16","date_gmt":"2022-02-06T15:36:16","guid":{"rendered":"http:\/\/interpingpong3.atsk.hu\/?page_id=143"},"modified":"2022-02-06T16:02:55","modified_gmt":"2022-02-06T16:02:55","slug":"inter-pingpong-3-%d1%81%d1%80%d0%bf%d1%81%d0%ba%d0%b8-%d1%98%d0%b5%d0%b7%d0%b8%d0%ba","status":"publish","type":"page","link":"http:\/\/interpingpong3.atsk.hu\/?page_id=143","title":{"rendered":"Inter Pingpong 3"},"content":{"rendered":"<p>Nastavak prekograni\u010dnih integrisanih stonoteniskih programa IPA Ma\u0111arska-Srbija za u\u010denike, rekreativne sportiste i sportiste sa posebnim potrebama.<\/p>\n","protected":false},"excerpt":{"rendered":"<p>Nastavak prekograni\u010dnih integrisanih stonoteniskih programa IPA Ma\u0111arska-Srbija za u\u010denike, rekreativne sportiste i sportiste sa posebnim potrebama.<\/p>\n","protected":false},"author":1,"featured_media":0,"parent":0,"menu_order":0,"comment_status":"closed","ping_status":"closed","template":"","meta":[],"_links":{"self":[{"href":"http:\/\/interpingpong3.atsk.hu\/index.php?rest_route=\/wp\/v2\/pages\/143"}],"collection":[{"href":"http:\/\/interpingpong3.atsk.hu\/index.php?rest_route=\/wp\/v2\/pages"}],"about":[{"href":"http:\/\/interpingpong3.atsk.hu\/index.php?rest_route=\/wp\/v2\/types\/page"}],"author":[{"embeddable":true,"href":"http:\/\/interpingpong3.atsk.hu\/index.php?rest_route=\/wp\/v2\/users\/1"}],"replies":[{"embeddable":true,"href":"http:\/\/interpingpong3.atsk.hu\/index.php?rest_route=%2Fwp%2Fv2%2Fcomments&post=143"}],"version-history":[{"count":2,"href":"http:\/\/interpingpong3.atsk.hu\/index.php?rest_route=\/wp\/v2\/pages\/143\/revisions"}],"predecessor-version":[{"id":150,"href":"http:\/\/interpingpong3.atsk.hu\/index.php?rest_route=\/wp\/v2\/pages\/143\/revisions\/150"}],"wp:attachment":[{"href":"http:\/\/interpingpong3.atsk.hu\/index.php?rest_route=%2Fwp%2Fv2%2Fmedia&parent=143"}],"curies":[{"name":"wp","href":"https:\/\/api.w.org\/{rel}","templated":true}]}}