{"id":147,"date":"2022-02-06T15:55:01","date_gmt":"2022-02-06T15:55:01","guid":{"rendered":"http:\/\/interpingpong3.atsk.hu\/?page_id=147"},"modified":"2022-02-06T16:07:35","modified_gmt":"2022-02-06T16:07:35","slug":"opis-programa","status":"publish","type":"page","link":"http:\/\/interpingpong3.atsk.hu\/?page_id=147","title":{"rendered":"Opis programa"},"content":{"rendered":"<p>Na osnovu dosada\u0161nje dobre saradnje, ATSK Segedin i STK Senta godine 2019 zajedno su podneli prijavu na konkurs raspisan u okviru IPA Programa prekograni\u010dne saradnje Ma\u0111arska-Srbija. Glavni cilj programa IPA (Instrument for Pre-Accession Assistance) je da pru\u017ei priliku za zajedni\u010dki razvoj ma\u0111arsko-srpskog pograni\u010dnog regiona uz podr\u0161ku Evropske unije. Isti ovaj cilj slu\u017ei i projekat Inter Pingpong sa specifi\u010dnim alatima i mre\u017eom sporta.<\/p>\n<p>Stonoteniski klub Segedin i stonoteniski klub Senta u projekat Inter Pingpong 3 nameravaju da realizuju kompleksnu seriju 16 mese\u010dnih programa (od 1. oktobra 2020. do 31. januara 2022.) koji c\u0301e pokretati stonotenisere koji \u017eive na obe strane granice. Ovaj program \u0107e biti nastavak prethodna dva projekta Inter Pinponga.<\/p>\n<p>Odnos koji treba uspostaviti uklju\u010duje profesionalne stonotenisere, rekreativce i u\u010denike koji bave sportom da odr\u017eavaju svoje zdravlje i osobe sa invaliditetom \u010diju dru\u0161tvenu integraciju tako\u0111e olak\u0161ava redovni sport.<\/p>\n<p>Planirani doga\u0111aji<\/p>\n<p>01.10.2020-31.01.2021<\/p>\n<p>&#8211; Otvaranje programa (Senta \u2013 Segedin)<\/p>\n<p>&#8211; \u0160kolski stonoteniski program (Segedin \u2013 Senta)<\/p>\n<p>&#8211; Trening kamp (4 dan \u2013 Segedin)<\/p>\n<p>&#8211; Porodi\u010dni stonoteniski dan (Segedin)<\/p>\n<p>&#8211; Sportski sastanak za igra\u010dima u invalidskim kolicima (Senta)<\/p>\n<p>&#8211; Dan rekreativnog sporta (Senta)<\/p>\n<p>&nbsp;<\/p>\n<p>01.02.2021-31.05.2021<\/p>\n<p>&#8211; Takmi\u010denje mladih sportista (Segedin)<\/p>\n<p>&#8211; Dan rekreativnog sporta (Segedin)<\/p>\n<p>&#8211; Sportski dan za invalide (Segedin)<\/p>\n<p>&#8211; Takmi\u010denje za u\u010denike (Senta)<\/p>\n<p>&nbsp;<\/p>\n<p>01.06.2021-30.09.2021<\/p>\n<p>&#8211; Takmi\u010denje za u\u010denike (Segedin)<\/p>\n<p>&#8211; Dan rekreativnog sporta (Segedin)<\/p>\n<p>&#8211; Trening kamp (7 dan \u2013 Senta)<\/p>\n<p>&#8211; Sportski sastanak sa igra\u010dima u invalidskim kolicima (Senta)<\/p>\n<p>&nbsp;<\/p>\n<p>01.10.2021-31.01.2022<\/p>\n<p>&#8211; \u0160kolski stonoteniski program (Segedin \u2013 Senta)<\/p>\n<p>&#8211; Integrisano takmi\u010denje u stonom tenisu (Segedin)<\/p>\n<p>&#8211; Dan rekreativnog sporta (Senta)<br \/>\n Ceremonija zatvaranja programa (Segedin \u2013 Senta)<\/p>\n","protected":false},"excerpt":{"rendered":"<p>Na osnovu dosada\u0161nje dobre saradnje, ATSK Segedin i STK Senta godine 2019 zajedno su podneli prijavu na konkurs raspisan u okviru IPA Programa prekograni\u010dne saradnje Ma\u0111arska-Srbija. Glavni cilj programa IPA (Instrument for Pre-Accession Assistance) je da pru\u017ei priliku za zajedni\u010dki razvoj ma\u0111arsko-srpskog pograni\u010dnog regiona uz podr\u0161ku Evropske unije. Isti ovaj cilj slu\u017ei i projekat Inter [&hellip;]<\/p>\n","protected":false},"author":1,"featured_media":0,"parent":0,"menu_order":0,"comment_status":"closed","ping_status":"closed","template":"","meta":[],"_links":{"self":[{"href":"http:\/\/interpingpong3.atsk.hu\/index.php?rest_route=\/wp\/v2\/pages\/147"}],"collection":[{"href":"http:\/\/interpingpong3.atsk.hu\/index.php?rest_route=\/wp\/v2\/pages"}],"about":[{"href":"http:\/\/interpingpong3.atsk.hu\/index.php?rest_route=\/wp\/v2\/types\/page"}],"author":[{"embeddable":true,"href":"http:\/\/interpingpong3.atsk.hu\/index.php?rest_route=\/wp\/v2\/users\/1"}],"replies":[{"embeddable":true,"href":"http:\/\/interpingpong3.atsk.hu\/index.php?rest_route=%2Fwp%2Fv2%2Fcomments&post=147"}],"version-history":[{"count":2,"href":"http:\/\/interpingpong3.atsk.hu\/index.php?rest_route=\/wp\/v2\/pages\/147\/revisions"}],"predecessor-version":[{"id":151,"href":"http:\/\/interpingpong3.atsk.hu\/index.php?rest_route=\/wp\/v2\/pages\/147\/revisions\/151"}],"wp:attachment":[{"href":"http:\/\/interpingpong3.atsk.hu\/index.php?rest_route=%2Fwp%2Fv2%2Fmedia&parent=147"}],"curies":[{"name":"wp","href":"https:\/\/api.w.org\/{rel}","templated":true}]}}