{"id":15,"date":"2020-11-07T12:24:44","date_gmt":"2020-11-07T12:24:44","guid":{"rendered":"http:\/\/interpingpong3.atsk.hu\/?page_id=15"},"modified":"2020-11-22T06:36:29","modified_gmt":"2020-11-22T06:36:29","slug":"a-program-leirasa","status":"publish","type":"page","link":"http:\/\/interpingpong3.atsk.hu\/?page_id=15","title":{"rendered":"A program le\u00edr\u00e1sa"},"content":{"rendered":"\n<h3><\/h3>\n\n\n\n<p>A k\u00e9t egyes\u00fclet \u2013 az eddigi j\u00f3 egy\u00fcttm\u0171k\u00f6d\u00e9sre alapozva \u2013 k\u00f6z\u00f6sen ny\u00fajtott be 2019-ben p\u00e1ly\u00e1zatot az IPA Magyarorsz\u00e1g-Szerbia Hat\u00e1ron \u00c1tny\u00fal\u00f3 Egy\u00fcttm\u0171k\u00f6d\u00e9si Program keret\u00e9ben ki\u00edrt felh\u00edv\u00e1sra. Az IPA (Instrument for Pre-Accession Assistance) program f\u0151 c\u00e9lkit\u0171z\u00e9se, hogy az Eur\u00f3pai Uni\u00f3 t\u00e1mogat\u00e1s\u00e1val lehet\u0151s\u00e9get biztos\u00edtson a magyar-szerb hat\u00e1rvid\u00e9k k\u00f6z\u00f6s fejleszt\u00e9s\u00e9re. Ezt a c\u00e9lt szolg\u00e1lja a sport saj\u00e1tos eszk\u00f6zeivel \u00e9s kapcsolatrendszer\u00e9vel az Inter Pingpong projekt is.<\/p>\n\n\n\n<p>Az Asztalitenisz Sport Klub Szeged \u00e9s a Zentai Asztalitenisz Klub, az <strong>Inter Pingpong 3 <\/strong>c\u00edm\u0171 projektj\u00e9benegy komplex, a hat\u00e1r k\u00e9t oldal\u00e1n \u00e9l\u0151 pingpongosokat megmozgat\u00f3 16 h\u00f3napos programsorozatot (2020.10.01. \u00e9s 2022.01.31. k\u00f6z\u00f6tt) sz\u00e1nd\u00e9kozik megval\u00f3s\u00edtani, az el\u0151z\u0151 k\u00e9t projekt folytat\u00e1sak\u00e9nt.<\/p>\n\n\n\n<p>A kialak\u00edtand\u00f3 kapcsolat mag\u00e1ba foglalja az asztalitenisz sportot legmagasabb szinten \u0171z\u0151 versenyz\u0151ket, az eg\u00e9szs\u00e9gmeg\u0151rz\u0151, rekre\u00e1ci\u00f3s c\u00e9llal sportol\u00f3 szabadid\u0151s \u2013 \u00e9s di\u00e1k sportol\u00f3kat, valamint, a fogyat\u00e9kkal \u00e9l\u0151 embereket, akiknek a t\u00e1rsadalmi integr\u00e1ci\u00f3j\u00e1t is el\u0151seg\u00edti a rendszeres sportol\u00e1s.<\/p>\n\n\n\n<h3>Tervezett esem\u00e9nyek<\/h3>\n\n\n\n<p><strong>2020.10.01 \u2013 2021.01.31.<\/strong><\/p>\n\n\n\n<ul><li>Nyit\u00f3rendezv\u00e9ny (Zenta \u2013 Szeged)<\/li><li>Iskolai Pingpong Program (Szeged \u2013 Zenta)<\/li><li>Edz\u0151t\u00e1bor (4 nap \u2013 Szeged)<\/li><li>Csal\u00e1di Pingpong Sportnap (Szeged)<\/li><li>Kerekessz\u00e9kes sporttal\u00e1lkoz\u00f3 (Zenta)<\/li><li>Rekre\u00e1ci\u00f3s sportnap (Zenta)<\/li><\/ul>\n\n\n\n<p><strong>2021.02.01 \u2013 2021.05.31.<\/strong><\/p>\n\n\n\n<ul><li>Ut\u00e1np\u00f3tl\u00e1s Verseny (Szeged)<\/li><li>Rekre\u00e1ci\u00f3s sportnap (Szeged)<\/li><li>Fogyat\u00e9kkal \u00c9l\u0151k Sportnap (Szeged)<\/li><li>Di\u00e1kverseny (Zenta)<\/li><\/ul>\n\n\n\n<p><strong>2021.06.01 \u2013 2021.09.30.<\/strong><\/p>\n\n\n\n<ul><li>Di\u00e1kverseny (Szeged)<\/li><li>Rekre\u00e1ci\u00f3s sportnap (Szeged)<\/li><li>Edz\u0151t\u00e1bor (7 nap \u2013 Zenta)<\/li><li>Kerekessz\u00e9kes sporttal\u00e1lkoz\u00f3 (Zenta)<\/li><\/ul>\n\n\n\n<p><strong>2021.10.01 \u2013 2022.01.31.<\/strong><\/p>\n\n\n\n<ul><li>Iskolai Pingpong Program (Szeged \u2013 Zenta)<\/li><li>Integr\u00e1lt Asztalitenisz Verseny (Szeged)<\/li><li>Rekre\u00e1ci\u00f3s sportnap (Zenta)<\/li><li>Z\u00e1r\u00f3rendezv\u00e9ny (Szeged &#8211; Zenta)<\/li><\/ul>\n","protected":false},"excerpt":{"rendered":"<p>A k\u00e9t egyes\u00fclet \u2013 az eddigi j\u00f3 egy\u00fcttm\u0171k\u00f6d\u00e9sre alapozva \u2013 k\u00f6z\u00f6sen ny\u00fajtott be 2019-ben p\u00e1ly\u00e1zatot az IPA Magyarorsz\u00e1g-Szerbia Hat\u00e1ron \u00c1tny\u00fal\u00f3 Egy\u00fcttm\u0171k\u00f6d\u00e9si Program keret\u00e9ben ki\u00edrt felh\u00edv\u00e1sra. Az IPA (Instrument for Pre-Accession Assistance) program f\u0151 c\u00e9lkit\u0171z\u00e9se, hogy az Eur\u00f3pai Uni\u00f3 t\u00e1mogat\u00e1s\u00e1val lehet\u0151s\u00e9get biztos\u00edtson a magyar-szerb hat\u00e1rvid\u00e9k k\u00f6z\u00f6s fejleszt\u00e9s\u00e9re. Ezt a c\u00e9lt szolg\u00e1lja a sport saj\u00e1tos eszk\u00f6zeivel \u00e9s [&hellip;]<\/p>\n","protected":false},"author":1,"featured_media":0,"parent":0,"menu_order":0,"comment_status":"closed","ping_status":"closed","template":"","meta":[],"_links":{"self":[{"href":"http:\/\/interpingpong3.atsk.hu\/index.php?rest_route=\/wp\/v2\/pages\/15"}],"collection":[{"href":"http:\/\/interpingpong3.atsk.hu\/index.php?rest_route=\/wp\/v2\/pages"}],"about":[{"href":"http:\/\/interpingpong3.atsk.hu\/index.php?rest_route=\/wp\/v2\/types\/page"}],"author":[{"embeddable":true,"href":"http:\/\/interpingpong3.atsk.hu\/index.php?rest_route=\/wp\/v2\/users\/1"}],"replies":[{"embeddable":true,"href":"http:\/\/interpingpong3.atsk.hu\/index.php?rest_route=%2Fwp%2Fv2%2Fcomments&post=15"}],"version-history":[{"count":4,"href":"http:\/\/interpingpong3.atsk.hu\/index.php?rest_route=\/wp\/v2\/pages\/15\/revisions"}],"predecessor-version":[{"id":53,"href":"http:\/\/interpingpong3.atsk.hu\/index.php?rest_route=\/wp\/v2\/pages\/15\/revisions\/53"}],"wp:attachment":[{"href":"http:\/\/interpingpong3.atsk.hu\/index.php?rest_route=%2Fwp%2Fv2%2Fmedia&parent=15"}],"curies":[{"name":"wp","href":"https:\/\/api.w.org\/{rel}","templated":true}]}}