{"id":152,"date":"2022-02-06T16:17:40","date_gmt":"2022-02-06T16:17:40","guid":{"rendered":"http:\/\/interpingpong3.atsk.hu\/?page_id=152"},"modified":"2022-02-06T16:17:40","modified_gmt":"2022-02-06T16:17:40","slug":"partneri-u-projektu","status":"publish","type":"page","link":"http:\/\/interpingpong3.atsk.hu\/?page_id=152","title":{"rendered":"Partneri u projektu"},"content":{"rendered":"<p>1. ATSK Segedin<br \/>\nATSK Segedin je osnovano 31. oktobra 1996. godine zajedni\u010dkom odlukom 13 \u010dlanova osniva\u010da. To zna\u010di da c\u0301e 2021. godine udru\u017eenje napuniti 25 godina. \u017deleli bismo da proslavimo \u010detvrtvekovnu godi\u0161njicu u okviru projekta INTER PINGPONG 3!<br \/>\nPo\u010deli smo da radimo sa namerom da u Segedinu postavimo temelje kvalitetnog stonoteniskog sporta zasnovanog na obrazovanju mladih. Na stotine u\u010denika nau\u010dilo je od nas osnove sporta, od kojih je nekoliko postiglo odli\u010dne rezultate i na nacionalnom nivou.<br \/>\nTrenutno imamo \u017eensku ekipu koja igra u NBI i mu\u0161ke timove koji igraju u NBII i NBIII. U ove timove igraju uglavnom domac\u0301i igra\u010di.<br \/>\nPonosni smo i na na\u0161e parasportiste koji su postigli dobre rezultate na me\u0111unarodnom nivou.<br \/>\nTri stuba na\u0161e aktivnosti:<br \/>\n1. Takmi\u010darski sport, obrazovanje mladih<br \/>\n2. Studentski i slobodni sport<br \/>\n3. Sport za invalide<\/p>\n<p>2. STK Senta<br \/>\nSTK Senta je osnovan 1930. u okviru Atletskog kluba Sente. Po\u010deo je da radi kao samostalni klub 1948. godine. Po\u010detak nije bio lak, ali vera starih majstora i u\u010denika u plodan i uporan rad postavila je temelj za buduc\u0301nost kluba. Klub je postao glavni faktor u zemlji ve\u0107 od 1960-ih godina.<br \/>\nU poslednje vreme igra\u010di udru\u017eenja osvojili su vi\u0161e od 300 titula dr\u017eavnog prvaka u kategorijama kadete, juniora, seniora i odraslih.<br \/>\nNebrojeni igra\u010di Sente su predstavljeni u bojama reprezentacije, od kojih su mnogi postigli odli\u010dne me\u0111unarodne rezultate.<br \/>\nOdrasli \u017eenski tim Sente ima 12 titula dr\u017eavnog prvaka. Izme\u0111u 2003. i 2014. godine, dakle za 11 godina, 10 puta su bili prvaci Superlige i 7 puta zaredom uspeli da podignu pehar za najbolji. U klub pored njih, jo\u0161 jedna ekipa sa devoj\u010dicama i jedna ekipa sa de\u010dacima se takmi\u010de u domac\u0301im prvenstvima.<br \/>\nTri stuba na\u0161e aktivnosti:<br \/>\n1. Profesionalni sport<br \/>\n2. Obrazovanje mladih sportista<br \/>\n3. Rekreativni sport<\/p>\n","protected":false},"excerpt":{"rendered":"<p>1. ATSK Segedin ATSK Segedin je osnovano 31. oktobra 1996. godine zajedni\u010dkom odlukom 13 \u010dlanova osniva\u010da. To zna\u010di da c\u0301e 2021. godine udru\u017eenje napuniti 25 godina. \u017deleli bismo da proslavimo \u010detvrtvekovnu godi\u0161njicu u okviru projekta INTER PINGPONG 3! Po\u010deli smo da radimo sa namerom da u Segedinu postavimo temelje kvalitetnog stonoteniskog sporta zasnovanog na obrazovanju [&hellip;]<\/p>\n","protected":false},"author":1,"featured_media":0,"parent":0,"menu_order":0,"comment_status":"closed","ping_status":"closed","template":"","meta":[],"_links":{"self":[{"href":"http:\/\/interpingpong3.atsk.hu\/index.php?rest_route=\/wp\/v2\/pages\/152"}],"collection":[{"href":"http:\/\/interpingpong3.atsk.hu\/index.php?rest_route=\/wp\/v2\/pages"}],"about":[{"href":"http:\/\/interpingpong3.atsk.hu\/index.php?rest_route=\/wp\/v2\/types\/page"}],"author":[{"embeddable":true,"href":"http:\/\/interpingpong3.atsk.hu\/index.php?rest_route=\/wp\/v2\/users\/1"}],"replies":[{"embeddable":true,"href":"http:\/\/interpingpong3.atsk.hu\/index.php?rest_route=%2Fwp%2Fv2%2Fcomments&post=152"}],"version-history":[{"count":1,"href":"http:\/\/interpingpong3.atsk.hu\/index.php?rest_route=\/wp\/v2\/pages\/152\/revisions"}],"predecessor-version":[{"id":153,"href":"http:\/\/interpingpong3.atsk.hu\/index.php?rest_route=\/wp\/v2\/pages\/152\/revisions\/153"}],"wp:attachment":[{"href":"http:\/\/interpingpong3.atsk.hu\/index.php?rest_route=%2Fwp%2Fv2%2Fmedia&parent=152"}],"curies":[{"name":"wp","href":"https:\/\/api.w.org\/{rel}","templated":true}]}}